{"id":45,"date":"2020-01-03T15:13:46","date_gmt":"2020-01-03T15:13:46","guid":{"rendered":"http:\/\/chateau-sesquieres.fr\/?page_id=45"},"modified":"2022-02-02T09:37:17","modified_gmt":"2022-02-02T09:37:17","slug":"le-domaine","status":"publish","type":"page","link":"https:\/\/chateau-sesquieres.fr\/?page_id=45","title":{"rendered":"Le domaine"},"content":{"rendered":"\n<p>Le domaine des Sesqui\u00e8res est situ\u00e9 \u00e0 20 km \u00e0 l&rsquo;Ouest de Carcassonne sur les contreforts de la Montagne Noire dans l&rsquo;aire de l&rsquo;A.O.C. Cabard\u00e8s. Le vignoble est expos\u00e9 plein Sud sur un plateau calcaire o\u00f9 la nuit chaque pierre du sol rejette vers le cep toute la chaleur emmagasin\u00e9e tout au long de la journ\u00e9e. C&rsquo;est dans dce terroir M\u00e9diterran\u00e9en sous influence Atlantique que sont produits nos meilleurs vins. Actuellement l&rsquo;effort est port\u00e9 sur les c\u00e9pages M\u00e9diterran\u00e9ens (Syrah,Grenache) afin de s&rsquo;inscrire dans une d\u00e9marche AOC Cabard\u00e8s. L&rsquo;AOC Carbard\u00e8s implique d&rsquo;avoir autant de c\u00e9pages Atlantique que M\u00e9diterran\u00e9ens. La cave, traditionelle en cuve b\u00e9ton rev\u00eatue est en phase d&rsquo;agrandissement et de modernisation, mais toujours dans les b\u00e2timents du 19\u00b0 si\u00e8cle qui autrefois servaient d&rsquo;\u00e9table ou d&rsquo;\u00e9curie. Au 17\u00b0 si\u00e8cle, le domaine appartenait aux moines de l&rsquo;Abbaye de Villelongue. C&rsquo;est \u00e0 eux que l&rsquo;on doit le pont d&rsquo;acc\u00e8s, les fours \u00e0 chaux et le point d&rsquo;eau avec son bassin et ses Pins CHauves de Californie. Au 18\u00b0 c&rsquo;est l&rsquo;\u00e9poque de la mise ne culture des terres gagn\u00e9es dur les for\u00eats de Chenes Verts et de Ch\u00eanes Rouvres. Ces terres servent alors \u00e0 nourrir le b\u00e9tail de la ferme.<\/p>\n\n\n\n<div class=\"wp-block-image is-style-circle-mask\"><figure class=\"aligncenter size-large is-resized\"><img loading=\"lazy\" src=\"https:\/\/chateau-sesquieres.fr\/wp-content\/uploads\/2020\/11\/jeune-cinsault.jpg\" alt=\"\" class=\"wp-image-101\" width=\"452\" height=\"338\" srcset=\"https:\/\/chateau-sesquieres.fr\/wp-content\/uploads\/2020\/11\/jeune-cinsault.jpg 828w, https:\/\/chateau-sesquieres.fr\/wp-content\/uploads\/2020\/11\/jeune-cinsault-450x337.jpg 450w, https:\/\/chateau-sesquieres.fr\/wp-content\/uploads\/2020\/11\/jeune-cinsault-600x449.jpg 600w, https:\/\/chateau-sesquieres.fr\/wp-content\/uploads\/2020\/11\/jeune-cinsault-300x225.jpg 300w, https:\/\/chateau-sesquieres.fr\/wp-content\/uploads\/2020\/11\/jeune-cinsault-768x575.jpg 768w\" sizes=\"(max-width: 452px) 100vw, 452px\" \/><\/figure><\/div>\n\n\n\n<p>A la fin du 19\u00b0 si\u00e8cle, le Domaine est exploit\u00e9 essentiellement pour la production de bois de chauffage et de fagots utilis\u00e9s alors par les boulangers pour la cuisson du pain. Les registres mentionnent la livraison de fagots de bruy\u00e8re au boulanger d\u2019Olonzac (distant de plus 50 km). Les troupeaux de moutons participent alors au nettoyage des sous-bois. Au d\u00e9but du 20\u00b0 si\u00e8cle quelques parcelles de vignes font leur apparition. Troupeaux de vaches et moutons sont toujours pr\u00e9sents. La chasse devient un des principaux p\u00f4le d\u2019int\u00e9r\u00eat. Depuis c\u2019est un parfait \u00e9quilibre entre ces trois \u00e9l\u00e9ments que sont la for\u00eat, les champs et la vigne qui permet au Domaine des Sesqui\u00e8res d\u2019avoir une identit\u00e9 et un terroir particulier.<\/p>\n\n\n\n<div class=\"wp-block-jetpack-slideshow aligncenter\" data-effect=\"slide\"><div class=\"wp-block-jetpack-slideshow_container swiper-container\"><ul class=\"wp-block-jetpack-slideshow_swiper-wrapper swiper-wrapper\"><li class=\"wp-block-jetpack-slideshow_slide swiper-slide\"><figure><img loading=\"lazy\" width=\"1024\" height=\"683\" alt=\"\" class=\"wp-block-jetpack-slideshow_image wp-image-221\" data-id=\"221\" src=\"https:\/\/chateau-sesquieres.fr\/wp-content\/uploads\/2022\/02\/ArtCom-Alzonne-EmmanuelleB-049-1024x683.jpg\" srcset=\"https:\/\/chateau-sesquieres.fr\/wp-content\/uploads\/2022\/02\/ArtCom-Alzonne-EmmanuelleB-049-1024x683.jpg 1024w, https:\/\/chateau-sesquieres.fr\/wp-content\/uploads\/2022\/02\/ArtCom-Alzonne-EmmanuelleB-049-300x200.jpg 300w, https:\/\/chateau-sesquieres.fr\/wp-content\/uploads\/2022\/02\/ArtCom-Alzonne-EmmanuelleB-049-768x512.jpg 768w, https:\/\/chateau-sesquieres.fr\/wp-content\/uploads\/2022\/02\/ArtCom-Alzonne-EmmanuelleB-049-1536x1025.jpg 1536w, https:\/\/chateau-sesquieres.fr\/wp-content\/uploads\/2022\/02\/ArtCom-Alzonne-EmmanuelleB-049-1200x800.jpg 1200w, https:\/\/chateau-sesquieres.fr\/wp-content\/uploads\/2022\/02\/ArtCom-Alzonne-EmmanuelleB-049-1980x1321.jpg 1980w, https:\/\/chateau-sesquieres.fr\/wp-content\/uploads\/2022\/02\/ArtCom-Alzonne-EmmanuelleB-049-1320x880.jpg 1320w, https:\/\/chateau-sesquieres.fr\/wp-content\/uploads\/2022\/02\/ArtCom-Alzonne-EmmanuelleB-049-450x300.jpg 450w, https:\/\/chateau-sesquieres.fr\/wp-content\/uploads\/2022\/02\/ArtCom-Alzonne-EmmanuelleB-049-600x400.jpg 600w, https:\/\/chateau-sesquieres.fr\/wp-content\/uploads\/2022\/02\/ArtCom-Alzonne-EmmanuelleB-049.jpg 2000w\" sizes=\"(max-width: 1024px) 100vw, 1024px\" \/><\/figure><\/li><li class=\"wp-block-jetpack-slideshow_slide swiper-slide\"><figure><img loading=\"lazy\" width=\"1024\" height=\"703\" alt=\"\" class=\"wp-block-jetpack-slideshow_image wp-image-222\" data-id=\"222\" src=\"https:\/\/chateau-sesquieres.fr\/wp-content\/uploads\/2022\/02\/merlot-plateau-1024x703.jpg\" srcset=\"https:\/\/chateau-sesquieres.fr\/wp-content\/uploads\/2022\/02\/merlot-plateau-1024x703.jpg 1024w, https:\/\/chateau-sesquieres.fr\/wp-content\/uploads\/2022\/02\/merlot-plateau-300x206.jpg 300w, https:\/\/chateau-sesquieres.fr\/wp-content\/uploads\/2022\/02\/merlot-plateau-768x527.jpg 768w, https:\/\/chateau-sesquieres.fr\/wp-content\/uploads\/2022\/02\/merlot-plateau-1200x824.jpg 1200w, https:\/\/chateau-sesquieres.fr\/wp-content\/uploads\/2022\/02\/merlot-plateau-450x309.jpg 450w, https:\/\/chateau-sesquieres.fr\/wp-content\/uploads\/2022\/02\/merlot-plateau-600x412.jpg 600w, https:\/\/chateau-sesquieres.fr\/wp-content\/uploads\/2022\/02\/merlot-plateau.jpg 1223w\" sizes=\"(max-width: 1024px) 100vw, 1024px\" \/><\/figure><\/li><li class=\"wp-block-jetpack-slideshow_slide swiper-slide\"><figure><img loading=\"lazy\" width=\"1024\" height=\"768\" alt=\"\" class=\"wp-block-jetpack-slideshow_image wp-image-223\" data-id=\"223\" src=\"https:\/\/chateau-sesquieres.fr\/wp-content\/uploads\/2022\/02\/CS-1024x768.jpg\" srcset=\"https:\/\/chateau-sesquieres.fr\/wp-content\/uploads\/2022\/02\/CS-1024x768.jpg 1024w, https:\/\/chateau-sesquieres.fr\/wp-content\/uploads\/2022\/02\/CS-300x225.jpg 300w, https:\/\/chateau-sesquieres.fr\/wp-content\/uploads\/2022\/02\/CS-768x576.jpg 768w, https:\/\/chateau-sesquieres.fr\/wp-content\/uploads\/2022\/02\/CS-1536x1152.jpg 1536w, https:\/\/chateau-sesquieres.fr\/wp-content\/uploads\/2022\/02\/CS-2048x1536.jpg 2048w, https:\/\/chateau-sesquieres.fr\/wp-content\/uploads\/2022\/02\/CS-1200x900.jpg 1200w, https:\/\/chateau-sesquieres.fr\/wp-content\/uploads\/2022\/02\/CS-1980x1485.jpg 1980w, https:\/\/chateau-sesquieres.fr\/wp-content\/uploads\/2022\/02\/CS-1320x990.jpg 1320w, https:\/\/chateau-sesquieres.fr\/wp-content\/uploads\/2022\/02\/CS-450x338.jpg 450w, https:\/\/chateau-sesquieres.fr\/wp-content\/uploads\/2022\/02\/CS-600x450.jpg 600w\" sizes=\"(max-width: 1024px) 100vw, 1024px\" \/><\/figure><\/li><li class=\"wp-block-jetpack-slideshow_slide swiper-slide\"><figure><img loading=\"lazy\" width=\"1024\" height=\"892\" alt=\"\" class=\"wp-block-jetpack-slideshow_image wp-image-102\" data-id=\"102\" src=\"https:\/\/chateau-sesquieres.fr\/wp-content\/uploads\/2020\/11\/soleil-e1606141078187-1024x892.jpg\" srcset=\"https:\/\/chateau-sesquieres.fr\/wp-content\/uploads\/2020\/11\/soleil-e1606141078187-1024x892.jpg 1024w, https:\/\/chateau-sesquieres.fr\/wp-content\/uploads\/2020\/11\/soleil-e1606141078187-450x392.jpg 450w, https:\/\/chateau-sesquieres.fr\/wp-content\/uploads\/2020\/11\/soleil-e1606141078187-600x523.jpg 600w, https:\/\/chateau-sesquieres.fr\/wp-content\/uploads\/2020\/11\/soleil-e1606141078187-300x261.jpg 300w, https:\/\/chateau-sesquieres.fr\/wp-content\/uploads\/2020\/11\/soleil-e1606141078187-768x669.jpg 768w, https:\/\/chateau-sesquieres.fr\/wp-content\/uploads\/2020\/11\/soleil-e1606141078187-1200x1046.jpg 1200w, https:\/\/chateau-sesquieres.fr\/wp-content\/uploads\/2020\/11\/soleil-e1606141078187.jpg 1440w\" sizes=\"(max-width: 1024px) 100vw, 1024px\" \/><\/figure><\/li><li class=\"wp-block-jetpack-slideshow_slide swiper-slide\"><figure><img loading=\"lazy\" width=\"828\" height=\"620\" alt=\"\" class=\"wp-block-jetpack-slideshow_image wp-image-101\" data-id=\"101\" src=\"https:\/\/chateau-sesquieres.fr\/wp-content\/uploads\/2020\/11\/jeune-cinsault.jpg\" srcset=\"https:\/\/chateau-sesquieres.fr\/wp-content\/uploads\/2020\/11\/jeune-cinsault.jpg 828w, https:\/\/chateau-sesquieres.fr\/wp-content\/uploads\/2020\/11\/jeune-cinsault-450x337.jpg 450w, https:\/\/chateau-sesquieres.fr\/wp-content\/uploads\/2020\/11\/jeune-cinsault-600x449.jpg 600w, https:\/\/chateau-sesquieres.fr\/wp-content\/uploads\/2020\/11\/jeune-cinsault-300x225.jpg 300w, https:\/\/chateau-sesquieres.fr\/wp-content\/uploads\/2020\/11\/jeune-cinsault-768x575.jpg 768w\" sizes=\"(max-width: 828px) 100vw, 828px\" \/><\/figure><\/li><li class=\"wp-block-jetpack-slideshow_slide swiper-slide\"><figure><img loading=\"lazy\" width=\"1024\" height=\"768\" alt=\"\" class=\"wp-block-jetpack-slideshow_image wp-image-51\" data-id=\"51\" src=\"https:\/\/chateau-sesquieres.fr\/wp-content\/uploads\/2020\/01\/IMG_20180905_094447-1024x768.jpg\" srcset=\"https:\/\/chateau-sesquieres.fr\/wp-content\/uploads\/2020\/01\/IMG_20180905_094447-1024x768.jpg 1024w, https:\/\/chateau-sesquieres.fr\/wp-content\/uploads\/2020\/01\/IMG_20180905_094447-scaled-450x338.jpg 450w, https:\/\/chateau-sesquieres.fr\/wp-content\/uploads\/2020\/01\/IMG_20180905_094447-scaled-600x450.jpg 600w, https:\/\/chateau-sesquieres.fr\/wp-content\/uploads\/2020\/01\/IMG_20180905_094447-300x225.jpg 300w, https:\/\/chateau-sesquieres.fr\/wp-content\/uploads\/2020\/01\/IMG_20180905_094447-768x576.jpg 768w, https:\/\/chateau-sesquieres.fr\/wp-content\/uploads\/2020\/01\/IMG_20180905_094447-1536x1152.jpg 1536w, https:\/\/chateau-sesquieres.fr\/wp-content\/uploads\/2020\/01\/IMG_20180905_094447-2048x1536.jpg 2048w, https:\/\/chateau-sesquieres.fr\/wp-content\/uploads\/2020\/01\/IMG_20180905_094447-1200x900.jpg 1200w, https:\/\/chateau-sesquieres.fr\/wp-content\/uploads\/2020\/01\/IMG_20180905_094447-1980x1485.jpg 1980w\" sizes=\"(max-width: 1024px) 100vw, 1024px\" \/><\/figure><\/li><li class=\"wp-block-jetpack-slideshow_slide swiper-slide\"><figure><img loading=\"lazy\" width=\"960\" height=\"316\" alt=\"\" class=\"wp-block-jetpack-slideshow_image wp-image-54\" data-id=\"54\" src=\"https:\/\/chateau-sesquieres.fr\/wp-content\/uploads\/2020\/01\/vignes_grenache.jpg\" srcset=\"https:\/\/chateau-sesquieres.fr\/wp-content\/uploads\/2020\/01\/vignes_grenache.jpg 960w, https:\/\/chateau-sesquieres.fr\/wp-content\/uploads\/2020\/01\/vignes_grenache-450x148.jpg 450w, https:\/\/chateau-sesquieres.fr\/wp-content\/uploads\/2020\/01\/vignes_grenache-600x198.jpg 600w, https:\/\/chateau-sesquieres.fr\/wp-content\/uploads\/2020\/01\/vignes_grenache-300x99.jpg 300w, https:\/\/chateau-sesquieres.fr\/wp-content\/uploads\/2020\/01\/vignes_grenache-768x253.jpg 768w\" sizes=\"(max-width: 960px) 100vw, 960px\" \/><\/figure><\/li><li class=\"wp-block-jetpack-slideshow_slide swiper-slide\"><figure><img loading=\"lazy\" width=\"1024\" height=\"285\" alt=\"\" class=\"wp-block-jetpack-slideshow_image wp-image-59\" data-id=\"59\" src=\"https:\/\/chateau-sesquieres.fr\/wp-content\/uploads\/2020\/01\/chateau_sesquieres_-1024x285.jpg\" srcset=\"https:\/\/chateau-sesquieres.fr\/wp-content\/uploads\/2020\/01\/chateau_sesquieres_-1024x285.jpg 1024w, https:\/\/chateau-sesquieres.fr\/wp-content\/uploads\/2020\/01\/chateau_sesquieres_-450x125.jpg 450w, https:\/\/chateau-sesquieres.fr\/wp-content\/uploads\/2020\/01\/chateau_sesquieres_-600x167.jpg 600w, https:\/\/chateau-sesquieres.fr\/wp-content\/uploads\/2020\/01\/chateau_sesquieres_-300x84.jpg 300w, https:\/\/chateau-sesquieres.fr\/wp-content\/uploads\/2020\/01\/chateau_sesquieres_-768x214.jpg 768w, https:\/\/chateau-sesquieres.fr\/wp-content\/uploads\/2020\/01\/chateau_sesquieres_.jpg 1092w\" sizes=\"(max-width: 1024px) 100vw, 1024px\" \/><\/figure><\/li><li class=\"wp-block-jetpack-slideshow_slide swiper-slide\"><figure><img loading=\"lazy\" width=\"960\" height=\"640\" alt=\"\" class=\"wp-block-jetpack-slideshow_image wp-image-97\" data-id=\"97\" src=\"https:\/\/chateau-sesquieres.fr\/wp-content\/uploads\/2020\/11\/181215_511316438937091_193378031_n.jpg\" srcset=\"https:\/\/chateau-sesquieres.fr\/wp-content\/uploads\/2020\/11\/181215_511316438937091_193378031_n.jpg 960w, https:\/\/chateau-sesquieres.fr\/wp-content\/uploads\/2020\/11\/181215_511316438937091_193378031_n-450x300.jpg 450w, https:\/\/chateau-sesquieres.fr\/wp-content\/uploads\/2020\/11\/181215_511316438937091_193378031_n-600x400.jpg 600w, https:\/\/chateau-sesquieres.fr\/wp-content\/uploads\/2020\/11\/181215_511316438937091_193378031_n-300x200.jpg 300w, https:\/\/chateau-sesquieres.fr\/wp-content\/uploads\/2020\/11\/181215_511316438937091_193378031_n-768x512.jpg 768w\" sizes=\"(max-width: 960px) 100vw, 960px\" \/><\/figure><\/li><\/ul><a class=\"wp-block-jetpack-slideshow_button-prev swiper-button-prev swiper-button-white\" role=\"button\"><\/a><a class=\"wp-block-jetpack-slideshow_button-next swiper-button-next swiper-button-white\" role=\"button\"><\/a><a aria-label=\"Pause Slideshow\" class=\"wp-block-jetpack-slideshow_button-pause\" role=\"button\"><\/a><div class=\"wp-block-jetpack-slideshow_pagination swiper-pagination swiper-pagination-white\"><\/div><\/div><\/div>\n","protected":false},"excerpt":{"rendered":"<p>Le domaine des Sesqui\u00e8res est situ\u00e9 \u00e0 20 km \u00e0 l&rsquo;Ouest de Carcassonne sur les contreforts de la Montagne Noire dans l&rsquo;aire de l&rsquo;A.O.C. Cabard\u00e8s. Le vignoble est expos\u00e9 plein Sud sur un plateau calcaire o\u00f9 la nuit chaque pierre du sol rejette vers le cep toute la chaleur emmagasin\u00e9e tout au long de la [&hellip;]<\/p>\n","protected":false},"author":1,"featured_media":58,"parent":0,"menu_order":0,"comment_status":"closed","ping_status":"closed","template":"","meta":{"spay_email":""},"_links":{"self":[{"href":"https:\/\/chateau-sesquieres.fr\/index.php?rest_route=\/wp\/v2\/pages\/45"}],"collection":[{"href":"https:\/\/chateau-sesquieres.fr\/index.php?rest_route=\/wp\/v2\/pages"}],"about":[{"href":"https:\/\/chateau-sesquieres.fr\/index.php?rest_route=\/wp\/v2\/types\/page"}],"author":[{"embeddable":true,"href":"https:\/\/chateau-sesquieres.fr\/index.php?rest_route=\/wp\/v2\/users\/1"}],"replies":[{"embeddable":true,"href":"https:\/\/chateau-sesquieres.fr\/index.php?rest_route=%2Fwp%2Fv2%2Fcomments&post=45"}],"version-history":[{"count":6,"href":"https:\/\/chateau-sesquieres.fr\/index.php?rest_route=\/wp\/v2\/pages\/45\/revisions"}],"predecessor-version":[{"id":224,"href":"https:\/\/chateau-sesquieres.fr\/index.php?rest_route=\/wp\/v2\/pages\/45\/revisions\/224"}],"wp:featuredmedia":[{"embeddable":true,"href":"https:\/\/chateau-sesquieres.fr\/index.php?rest_route=\/wp\/v2\/media\/58"}],"wp:attachment":[{"href":"https:\/\/chateau-sesquieres.fr\/index.php?rest_route=%2Fwp%2Fv2%2Fmedia&parent=45"}],"curies":[{"name":"wp","href":"https:\/\/api.w.org\/{rel}","templated":true}]}}